{"id":85,"date":"2022-10-13T20:30:42","date_gmt":"2022-10-13T19:30:42","guid":{"rendered":"http:\/\/tirol.oepu.at\/?page_id=85"},"modified":"2024-09-29T10:00:06","modified_gmt":"2024-09-29T09:00:06","slug":"vcl-tirol","status":"publish","type":"page","link":"https:\/\/tirol.oepu.at\/index.php\/vcl-tirol\/","title":{"rendered":"VCL Tirol"},"content":{"rendered":"\n<p>Die <a href=\"http:\/\/www.vcl-oe.at\" target=\"_blank\" rel=\"noreferrer noopener\">VCL<\/a> (Vereinigung christlicher Lehrerinnen und Lehrer an h\u00f6heren und mittleren Schulen \u00d6sterreichs) wendet sich an all die Lehrerinnen und Lehrer, die sich zu christlichen Werten bekennen. Die Veranstaltungen der VCL erm\u00f6glichen Gedankenaustausch und Erleben von Gemeinschaft und Solidarit\u00e4t. Gleichzeitig dienen sie der Unterst\u00fctzung selbstbewusster und im Bereich von Bildung und Schulorganisation gut informierter Lehrerinnen und Lehrer.<br><br><img loading=\"lazy\" decoding=\"async\" width=\"150\" height=\"200\" class=\"wp-image-154\" style=\"width: 150px;\" src=\"http:\/\/tirol.oepu.at\/wp-content\/uploads\/2024\/09\/peter_samuda-scaled.jpg\" alt=\"\" srcset=\"https:\/\/tirol.oepu.at\/wp-content\/uploads\/2024\/09\/peter_samuda-scaled.jpg 1916w, https:\/\/tirol.oepu.at\/wp-content\/uploads\/2024\/09\/peter_samuda-224x300.jpg 224w, https:\/\/tirol.oepu.at\/wp-content\/uploads\/2024\/09\/peter_samuda-766x1024.jpg 766w, https:\/\/tirol.oepu.at\/wp-content\/uploads\/2024\/09\/peter_samuda-768x1026.jpg 768w, https:\/\/tirol.oepu.at\/wp-content\/uploads\/2024\/09\/peter_samuda-1149x1536.jpg 1149w, https:\/\/tirol.oepu.at\/wp-content\/uploads\/2024\/09\/peter_samuda-1533x2048.jpg 1533w\" sizes=\"auto, (max-width: 150px) 100vw, 150px\" \/><br><strong>Mag. Peter Samuda<\/strong><br>Obmann VCL-Tirol<br>Mail: <a href=\"mailto:p.samuda@tsn.at\" target=\"_blank\" rel=\"noreferrer noopener\">peter.samuda(AT)oepu.at<\/a><\/p>\n\n\n\n<p><\/p>\n","protected":false},"excerpt":{"rendered":"<p>Die VCL (Vereinigung christlicher Lehrerinnen und Lehrer an h\u00f6heren und mittleren Schulen \u00d6sterreichs) wendet sich an all die Lehrerinnen und<\/p>\n","protected":false},"author":3,"featured_media":0,"parent":0,"menu_order":0,"comment_status":"closed","ping_status":"closed","template":"","meta":{"footnotes":""},"class_list":["post-85","page","type-page","status-publish","hentry"],"_links":{"self":[{"href":"https:\/\/tirol.oepu.at\/index.php\/wp-json\/wp\/v2\/pages\/85","targetHints":{"allow":["GET"]}}],"collection":[{"href":"https:\/\/tirol.oepu.at\/index.php\/wp-json\/wp\/v2\/pages"}],"about":[{"href":"https:\/\/tirol.oepu.at\/index.php\/wp-json\/wp\/v2\/types\/page"}],"author":[{"embeddable":true,"href":"https:\/\/tirol.oepu.at\/index.php\/wp-json\/wp\/v2\/users\/3"}],"replies":[{"embeddable":true,"href":"https:\/\/tirol.oepu.at\/index.php\/wp-json\/wp\/v2\/comments?post=85"}],"version-history":[{"count":4,"href":"https:\/\/tirol.oepu.at\/index.php\/wp-json\/wp\/v2\/pages\/85\/revisions"}],"predecessor-version":[{"id":162,"href":"https:\/\/tirol.oepu.at\/index.php\/wp-json\/wp\/v2\/pages\/85\/revisions\/162"}],"wp:attachment":[{"href":"https:\/\/tirol.oepu.at\/index.php\/wp-json\/wp\/v2\/media?parent=85"}],"curies":[{"name":"wp","href":"https:\/\/api.w.org\/{rel}","templated":true}]}}